{"id":39,"date":"2025-06-17T20:53:44","date_gmt":"2025-06-17T20:53:44","guid":{"rendered":"https:\/\/defuegosbanqueteria.cl\/?page_id=39"},"modified":"2025-06-17T21:01:58","modified_gmt":"2025-06-17T21:01:58","slug":"servicios","status":"publish","type":"page","link":"https:\/\/defuegosbanqueteria.cl\/?page_id=39","title":{"rendered":"Servicios"},"content":{"rendered":"<p><!-- T\u00cdTULO PRINCIPAL --><\/p>\n<h2 style=\"text-align: center; font-size: 36px; margin-bottom: 20px;\">Mucho m\u00e1s que carne al fuego<\/h2>\n<p style=\"text-align: center; font-size: 18px; margin-bottom: 40px;\">\nEl fuego nos une. Te presentamos nuestras propuestas para distintos momentos.\n<\/p>\n<p><!-- SERVICIO 1 --><\/p>\n<div style=\"display: flex; gap: 30px; align-items: center; margin-bottom: 60px;\">\n<div style=\"flex: 1;\">\n    <img decoding=\"async\" src=\"https:\/\/defuegosbanqueteria.cl\/wp-content\/uploads\/2025\/06\/DSC_3947-scaled.jpg\" alt=\"Banqueter\u00eda Corporativa\" style=\"width: 100%; height: 400px; object-fit: cover; border-radius: 10px;\">\n  <\/div>\n<div style=\"flex: 1;\">\n<h3>\ud83d\udd39 Banqueter\u00eda Corporativa<\/h3>\n<p>\n      Para eventos empresariales, lanzamientos, aniversarios o team buildings.<br \/>\n      Men\u00faes personalizados, estaciones de carnes, c\u00f3cteles, postres y bar.\n    <\/p>\n<\/p><\/div>\n<\/div>\n<p><!-- SERVICIO 2 --><\/p>\n<div style=\"display: flex; gap: 30px; align-items: center; flex-direction: row-reverse; margin-bottom: 60px;\">\n<div style=\"flex: 1;\">\n    <img decoding=\"async\" src=\"https:\/\/defuegosbanqueteria.cl\/wp-content\/uploads\/2025\/06\/DSC_3739-scaled.jpg\" alt=\"Eventos Privados\" style=\"width: 100%; height: 400px; object-fit: cover; border-radius: 10px;\">\n  <\/div>\n<div style=\"flex: 1;\">\n<h3>\ud83d\udd39 Eventos Privados<\/h3>\n<p>\n      Matrimonios, celebraciones familiares, cumplea\u00f1os o encuentros especiales.<br \/>\n      Llevamos el fuego donde t\u00fa est\u00e9s.\n    <\/p>\n<\/p><\/div>\n<\/div>\n<p><!-- SERVICIO 3 --><\/p>\n<div style=\"display: flex; gap: 30px; align-items: center; margin-bottom: 60px;\">\n<div style=\"flex: 1;\">\n    <img decoding=\"async\" src=\"https:\/\/defuegosbanqueteria.cl\/wp-content\/uploads\/2025\/06\/DSC_4317_editado-scaled.jpg\" alt=\"Producci\u00f3n Gastron\u00f3mica Integral\" style=\"width: 100%; height: 400px; object-fit: cover; border-radius: 10px;\">\n  <\/div>\n<div style=\"flex: 1;\">\n<h3>\ud83d\udd39 Producci\u00f3n Gastron\u00f3mica Integral<\/h3>\n<p>\n      Nos encargamos de todo: cocteler\u00eda, mobiliario, ambientaci\u00f3n, postres, estaciones gourmet y m\u00e1s.\n    <\/p>\n<\/p><\/div>\n<\/div>\n<p><!-- SERVICIO 4 --><\/p>\n<div style=\"display: flex; gap: 30px; align-items: center; flex-direction: row-reverse; margin-bottom: 60px;\">\n<div style=\"flex: 1;\">\n    <img decoding=\"async\" src=\"https:\/\/defuegosbanqueteria.cl\/wp-content\/uploads\/2025\/06\/DSC_4562_editado-scaled.jpg\" alt=\"Experiencias Personalizadas\" style=\"width: 100%; height: 400px; object-fit: cover; border-radius: 10px;\">\n  <\/div>\n<div style=\"flex: 1;\">\n<h3>\ud83d\udd39 Experiencias Personalizadas<\/h3>\n<p>\n      \u00bfSue\u00f1as con una cena bajo las estrellas? \u00bfUn brunch campestre con parrilla?<br \/>\n      Lo hacemos posible.\n    <\/p>\n<\/p><\/div>\n<\/div>\n","protected":false},"excerpt":{"rendered":"<p>Mucho m\u00e1s que carne al fuego El fuego nos une. Te presentamos nuestras propuestas para distintos momentos. \ud83d\udd39 Banqueter\u00eda Corporativa Para eventos empresariales, lanzamientos, aniversarios o team buildings. Men\u00faes personalizados, estaciones de carnes, c\u00f3cteles, postres y bar. \ud83d\udd39 Eventos Privados Matrimonios, celebraciones familiares, cumplea\u00f1os o encuentros especiales. Llevamos el fuego donde t\u00fa est\u00e9s. \ud83d\udd39 Producci\u00f3n &hellip; <\/p>\n<p class=\"link-more\"><a href=\"https:\/\/defuegosbanqueteria.cl\/?page_id=39\" class=\"more-link\">Leer m\u00e1s<span class=\"screen-reader-text\"> \u00abServicios\u00bb<\/span><\/a><\/p>\n","protected":false},"author":1,"featured_media":0,"parent":0,"menu_order":0,"comment_status":"closed","ping_status":"closed","template":"","meta":{"om_disable_all_campaigns":false,"_monsterinsights_skip_tracking":false,"_monsterinsights_sitenote_active":false,"_monsterinsights_sitenote_note":"","_monsterinsights_sitenote_category":0,"footnotes":""},"class_list":["post-39","page","type-page","status-publish","hentry"],"aioseo_notices":[],"_links":{"self":[{"href":"https:\/\/defuegosbanqueteria.cl\/index.php?rest_route=\/wp\/v2\/pages\/39","targetHints":{"allow":["GET"]}}],"collection":[{"href":"https:\/\/defuegosbanqueteria.cl\/index.php?rest_route=\/wp\/v2\/pages"}],"about":[{"href":"https:\/\/defuegosbanqueteria.cl\/index.php?rest_route=\/wp\/v2\/types\/page"}],"author":[{"embeddable":true,"href":"https:\/\/defuegosbanqueteria.cl\/index.php?rest_route=\/wp\/v2\/users\/1"}],"replies":[{"embeddable":true,"href":"https:\/\/defuegosbanqueteria.cl\/index.php?rest_route=%2Fwp%2Fv2%2Fcomments&post=39"}],"version-history":[{"count":3,"href":"https:\/\/defuegosbanqueteria.cl\/index.php?rest_route=\/wp\/v2\/pages\/39\/revisions"}],"predecessor-version":[{"id":86,"href":"https:\/\/defuegosbanqueteria.cl\/index.php?rest_route=\/wp\/v2\/pages\/39\/revisions\/86"}],"wp:attachment":[{"href":"https:\/\/defuegosbanqueteria.cl\/index.php?rest_route=%2Fwp%2Fv2%2Fmedia&parent=39"}],"curies":[{"name":"wp","href":"https:\/\/api.w.org\/{rel}","templated":true}]}}