{"id":92,"date":"2025-06-17T21:23:45","date_gmt":"2025-06-17T21:23:45","guid":{"rendered":"https:\/\/defuegosbanqueteria.cl\/?page_id=92"},"modified":"2025-06-17T21:29:36","modified_gmt":"2025-06-17T21:29:36","slug":"contacto","status":"publish","type":"page","link":"https:\/\/defuegosbanqueteria.cl\/?page_id=92","title":{"rendered":"Contacto"},"content":{"rendered":"<p><!-- SECCI\u00d3N CONTACTO --><\/p>\n<div style=\"background-color: #fffaf3; padding: 60px 20px; font-family: sans-serif;\">\n<p>  <!-- Imagen de cabecera --><\/p>\n<div style=\"text-align: center; margin-bottom: 40px;\">\n    <img decoding=\"async\" src=\"https:\/\/defuegosbanqueteria.cl\/wp-content\/uploads\/2025\/06\/DSC_4575_editado-scaled.jpg\" alt=\"Contacto De Fuegos\" style=\"width: 100%; max-width: 900px; height: auto; border-radius: 10px;\">\n  <\/div>\n<h2 style=\"text-align: center; font-size: 36px; margin-bottom: 10px;\">\ud83d\udcde Cotiza tu Evento<\/h2>\n<p style=\"text-align: center; font-size: 18px; margin-bottom: 40px;\">\n    \u00bfYa sabes cu\u00e1ndo quieres encender el fuego?<br \/>\n    Escr\u00edbenos, cu\u00e9ntanos qu\u00e9 sue\u00f1as y te haremos una propuesta que haga chispear tu evento.\n  <\/p>\n<p>  <!-- FORMULARIO SIMPLE --><\/p>\n<form style=\"max-width: 700px; margin: 0 auto;\" action=\"mailto:silvamujicajosepablo@gmail.com\" method=\"post\" enctype=\"text\/plain\">\n<div style=\"display: flex; flex-direction: column; gap: 20px;\">\n      <input type=\"text\" name=\"Nombre\" placeholder=\"Nombre\" required style=\"padding: 12px; font-size: 16px;\"><br \/>\n      <input type=\"tel\" name=\"Tel\u00e9fono\" placeholder=\"Tel\u00e9fono\" required style=\"padding: 12px; font-size: 16px;\"><br \/>\n      <input type=\"email\" name=\"Correo\" placeholder=\"Correo electr\u00f3nico\" required style=\"padding: 12px; font-size: 16px;\"><br \/>\n      <textarea name=\"Mensaje\" placeholder=\"D\u00e9janos toda la informaci\u00f3n para cotizar tu evento: fecha, cantidad de personas, lugar, tipo de celebraci\u00f3n, etc.\" rows=\"6\" style=\"padding: 12px; font-size: 16px;\"><\/textarea><br \/>\n      <button type=\"submit\" style=\"background-color: #e07b4f; color: white; padding: 14px 24px; font-size: 16px; border: none; cursor: pointer;\"><br \/>\n        Enviar Solicitud<br \/>\n      <\/button>\n    <\/div>\n<\/p><\/form>\n<p>  <!-- MAPA DE COBERTURA --><\/p>\n<div style=\"margin-top: 50px; text-align: center;\">\n<h3 style=\"font-size: 24px; margin-bottom: 10px;\">\ud83d\udccd Cobertura<\/h3>\n<p style=\"font-size: 16px; margin-bottom: 20px;\">Trabajamos principalmente en la Zona Central de Chile.<\/p>\n<\/p><\/div>\n<\/div>\n","protected":false},"excerpt":{"rendered":"<p>\ud83d\udcde Cotiza tu Evento \u00bfYa sabes cu\u00e1ndo quieres encender el fuego? Escr\u00edbenos, cu\u00e9ntanos qu\u00e9 sue\u00f1as y te haremos una propuesta que haga chispear tu evento. Enviar Solicitud \ud83d\udccd Cobertura Trabajamos principalmente en la Zona Central de Chile.<\/p>\n","protected":false},"author":1,"featured_media":0,"parent":0,"menu_order":0,"comment_status":"closed","ping_status":"closed","template":"","meta":{"om_disable_all_campaigns":false,"_monsterinsights_skip_tracking":false,"_monsterinsights_sitenote_active":false,"_monsterinsights_sitenote_note":"","_monsterinsights_sitenote_category":0,"footnotes":""},"class_list":["post-92","page","type-page","status-publish","hentry"],"aioseo_notices":[],"_links":{"self":[{"href":"https:\/\/defuegosbanqueteria.cl\/index.php?rest_route=\/wp\/v2\/pages\/92","targetHints":{"allow":["GET"]}}],"collection":[{"href":"https:\/\/defuegosbanqueteria.cl\/index.php?rest_route=\/wp\/v2\/pages"}],"about":[{"href":"https:\/\/defuegosbanqueteria.cl\/index.php?rest_route=\/wp\/v2\/types\/page"}],"author":[{"embeddable":true,"href":"https:\/\/defuegosbanqueteria.cl\/index.php?rest_route=\/wp\/v2\/users\/1"}],"replies":[{"embeddable":true,"href":"https:\/\/defuegosbanqueteria.cl\/index.php?rest_route=%2Fwp%2Fv2%2Fcomments&post=92"}],"version-history":[{"count":2,"href":"https:\/\/defuegosbanqueteria.cl\/index.php?rest_route=\/wp\/v2\/pages\/92\/revisions"}],"predecessor-version":[{"id":95,"href":"https:\/\/defuegosbanqueteria.cl\/index.php?rest_route=\/wp\/v2\/pages\/92\/revisions\/95"}],"wp:attachment":[{"href":"https:\/\/defuegosbanqueteria.cl\/index.php?rest_route=%2Fwp%2Fv2%2Fmedia&parent=92"}],"curies":[{"name":"wp","href":"https:\/\/api.w.org\/{rel}","templated":true}]}}